{"id":2,"date":"2009-12-01T15:06:07","date_gmt":"2009-12-01T14:06:07","guid":{"rendered":"http:\/\/lapoudre.com\/alpesjug\/?page_id=2"},"modified":"2022-02-09T10:07:12","modified_gmt":"2022-02-09T09:07:12","slug":"a-propos","status":"publish","type":"page","link":"https:\/\/www.alpesjug.fr\/?page_id=2","title":{"rendered":"\u00c0 propos"},"content":{"rendered":"<p><img loading=\"lazy\" decoding=\"async\" class=\"alignleft size-full wp-image-13\" title=\"AlpesJuggyLogo\" src=\"http:\/\/www.alpesjug.fr\/wp-content\/uploads\/2009\/12\/AlpesJuggyLogo.jpg\" alt=\"AlpesJuggyLogo\" width=\"86\" height=\"93\" \/><strong><span style=\"color: #ff9900;\">Alpes Jug<\/span><\/strong> est un groupe d\u2019utilisateurs Java de la r\u00e9gion grenobloise ayant pour but de r\u00e9unir les acteurs du langage (professionnels, communaut\u00e9s open source, institutions, \u00e9tudiants, enseignants\u2026) afin d\u2019\u00e9changer des id\u00e9es et discuter des avanc\u00e9es technologiques de la plateforme Java. Nous nous rencontrons au moins une fois par mois.<\/p>\n<p>Les r\u00e9unions sont gratuites, ouvertes \u00e0 tous et consistent en une pr\u00e9sentation technique, une d\u00e9monstration d\u2019un produit, une table ronde, une s\u00e9ance de travaux pratiques, ou toute autre formule \u00e0 inventer ! Apr\u00e8s la r\u00e9union nous nous retrouvons pour un \u00e9change informel autour d\u2019un verre.<\/p>\n<p>L&rsquo;\u00e9quipe actuelle se compose de 5\u00a0membres :<\/p>\n<ul>\n<li><a href=\"http:\/\/www.ehsavoie.com\" target=\"_blank\" rel=\"noopener\">Emmanuel Hugonnet<\/a><\/li>\n<li><a href=\"http:\/\/miguel.moquillon.free.fr\/\" target=\"_blank\" rel=\"noopener\">Miguel Moquillon<\/a><\/li>\n<li><a href=\"https:\/\/twitter.com\/ctranxuan\">C\u00e9dric\u00a0Tran-Xuan<\/a><\/li>\n<li><a href=\"http:\/\/ludopoitou.wordpress.com\/\" target=\"_blank\" rel=\"noopener\">Ludovic Poitou<\/a><\/li>\n<\/ul>\n","protected":false},"excerpt":{"rendered":"<p>Alpes Jug est un groupe d\u2019utilisateurs Java de la r\u00e9gion grenobloise ayant pour but de r\u00e9unir les acteurs du langage (professionnels, communaut\u00e9s open source, institutions, \u00e9tudiants, enseignants\u2026) afin d\u2019\u00e9changer des id\u00e9es et discuter des&#46;&#46;&#46;<\/p>\n","protected":false},"author":1,"featured_media":0,"parent":0,"menu_order":0,"comment_status":"open","ping_status":"open","template":"","meta":{"footnotes":""},"class_list":["post-2","page","type-page","status-publish","hentry"],"_links":{"self":[{"href":"https:\/\/www.alpesjug.fr\/index.php?rest_route=\/wp\/v2\/pages\/2","targetHints":{"allow":["GET"]}}],"collection":[{"href":"https:\/\/www.alpesjug.fr\/index.php?rest_route=\/wp\/v2\/pages"}],"about":[{"href":"https:\/\/www.alpesjug.fr\/index.php?rest_route=\/wp\/v2\/types\/page"}],"author":[{"embeddable":true,"href":"https:\/\/www.alpesjug.fr\/index.php?rest_route=\/wp\/v2\/users\/1"}],"replies":[{"embeddable":true,"href":"https:\/\/www.alpesjug.fr\/index.php?rest_route=%2Fwp%2Fv2%2Fcomments&post=2"}],"version-history":[{"count":16,"href":"https:\/\/www.alpesjug.fr\/index.php?rest_route=\/wp\/v2\/pages\/2\/revisions"}],"predecessor-version":[{"id":3350,"href":"https:\/\/www.alpesjug.fr\/index.php?rest_route=\/wp\/v2\/pages\/2\/revisions\/3350"}],"wp:attachment":[{"href":"https:\/\/www.alpesjug.fr\/index.php?rest_route=%2Fwp%2Fv2%2Fmedia&parent=2"}],"curies":[{"name":"wp","href":"https:\/\/api.w.org\/{rel}","templated":true}]}}