{"id":1056,"date":"2011-11-24T14:57:50","date_gmt":"2011-11-24T13:57:50","guid":{"rendered":"http:\/\/www.alpesjug.fr\/?page_id=1056"},"modified":"2016-10-11T07:30:20","modified_gmt":"2016-10-11T06:30:20","slug":"bibliotheque","status":"publish","type":"page","link":"https:\/\/www.alpesjug.fr\/?page_id=1056","title":{"rendered":"Biblioth\u00e8que"},"content":{"rendered":"<p><a href=\"http:\/\/www.alpesjug.fr\/wp-content\/uploads\/2010\/11\/image226.jpg\"><img loading=\"lazy\" decoding=\"async\" class=\"alignleft size-medium wp-image-420\" title=\"JUG books\" src=\"http:\/\/www.alpesjug.fr\/wp-content\/uploads\/2010\/11\/image226-300x225.jpg\" alt=\"\" width=\"300\" height=\"225\" srcset=\"https:\/\/www.alpesjug.fr\/wp-content\/uploads\/2010\/11\/image226-300x225.jpg 300w, https:\/\/www.alpesjug.fr\/wp-content\/uploads\/2010\/11\/image226-1024x768.jpg 1024w\" sizes=\"auto, (max-width: 300px) 100vw, 300px\" \/><\/a><br \/>\nSur cette photo, une partie de la pile de livres dans laquelle vous pourrez emprunter librement \u00e0 chaque rendez-vous du JUG !<\/p>\n<p>Les livres sont visible sur le site <a href=\"https:\/\/inventaire.io\/groups\/cb11405fe5bc1e39920b5aa9e900ff23\/Alpes%20JUG\">Inventaire.io groupe \u00ab\u00a0Alpes JUG\u00a0\u00bb<\/a>.<\/p>\n<p>En effet, plut\u00f4t que de recevoir des livres au hasard, nous offrons \u00e0 chacun l&rsquo;opportunit\u00e9 de lire LE livre qui VOUS int\u00e9resse. Nous esp\u00e9rons que cela d\u00e9clenchera des \u00e9changes et des discutions autour de nos lectures. (C&rsquo;est aussi un motif de plus pour venir au JUG.)<\/p>\n<p>Almost all our books are in English.<\/p>\n<p>Ces livres proviennent de dons personnels et de partenaires notamment <a href=\"http:\/\/oreilly.com\/\">O&rsquo;Reilly<\/a>, que nous remercions. C&rsquo;est aussi la raison pour laquelle nous vous demandons de publier des critiques ! Plus de critiques, plus de livres ! Ce n&rsquo;est pas cher payer pour obtenir des livres r\u00e9cents. (Nous acceptons bien sur vos dons de livres.)<\/p>\n<p>Rappelons que si vous voulez acheter des livres (format papier ou electronique) vous pouvez b\u00e9n\u00e9ficier de r\u00e9ductions en passant par le JUG.<br \/>\nLe principe est tr\u00e8s simple:<\/p>\n<ul>\n<li>Il est bas\u00e9 sur la confiance (pas de caution, de cartes, ni d&rsquo;amendes &#8230;)<\/li>\n<li>Nous demandons juste de vous inscrire pour la soir\u00e9e (pour le mail)<\/li>\n<li>Dur\u00e9e ind\u00e9termin\u00e9e, on vous relancera par mail au bout d&rsquo;un an environs<\/li>\n<li>Si possible, publier une critique sur votre blog, Amazon ou un forum. M\u00eame un petit mot, une mention suffisent.<\/li>\n<\/ul>\n<p>La liste des livres pour faciliter vos recherches:<br \/>\n<iframe loading=\"lazy\" src=\"https:\/\/docs.google.com\/spreadsheets\/d\/10JmjLcY-YsYksK26OjRYFkiEepG1DluLpfjYYb7FREc\/pubhtml?gid=0&amp;single=true&amp;widget=true&amp;headers=false\" width=\"900\" height=\"510\" frameborder=\"0\"><\/iframe><\/p>\n","protected":false},"excerpt":{"rendered":"<p>Sur cette photo, une partie de la pile de livres dans laquelle vous pourrez emprunter librement \u00e0 chaque rendez-vous du JUG ! Les livres sont visible sur le site Inventaire.io groupe \u00ab\u00a0Alpes JUG\u00a0\u00bb. En&#46;&#46;&#46;<\/p>\n","protected":false},"author":1,"featured_media":0,"parent":0,"menu_order":0,"comment_status":"open","ping_status":"open","template":"","meta":{"footnotes":""},"class_list":["post-1056","page","type-page","status-publish","hentry"],"_links":{"self":[{"href":"https:\/\/www.alpesjug.fr\/index.php?rest_route=\/wp\/v2\/pages\/1056","targetHints":{"allow":["GET"]}}],"collection":[{"href":"https:\/\/www.alpesjug.fr\/index.php?rest_route=\/wp\/v2\/pages"}],"about":[{"href":"https:\/\/www.alpesjug.fr\/index.php?rest_route=\/wp\/v2\/types\/page"}],"author":[{"embeddable":true,"href":"https:\/\/www.alpesjug.fr\/index.php?rest_route=\/wp\/v2\/users\/1"}],"replies":[{"embeddable":true,"href":"https:\/\/www.alpesjug.fr\/index.php?rest_route=%2Fwp%2Fv2%2Fcomments&post=1056"}],"version-history":[{"count":18,"href":"https:\/\/www.alpesjug.fr\/index.php?rest_route=\/wp\/v2\/pages\/1056\/revisions"}],"predecessor-version":[{"id":3075,"href":"https:\/\/www.alpesjug.fr\/index.php?rest_route=\/wp\/v2\/pages\/1056\/revisions\/3075"}],"wp:attachment":[{"href":"https:\/\/www.alpesjug.fr\/index.php?rest_route=%2Fwp%2Fv2%2Fmedia&parent=1056"}],"curies":[{"name":"wp","href":"https:\/\/api.w.org\/{rel}","templated":true}]}}